{"id":21,"date":"2023-03-27T14:10:23","date_gmt":"2023-03-27T14:10:23","guid":{"rendered":"https:\/\/leschevauxdusud.fr\/?page_id=21"},"modified":"2023-03-29T10:04:50","modified_gmt":"2023-03-29T10:04:50","slug":"les-chevaux-du-sud-actualites","status":"publish","type":"page","link":"https:\/\/leschevauxdusud.fr\/de\/les-chevaux-du-sud-actualites","title":{"rendered":"Nachrichten"},"content":{"rendered":"","protected":false},"excerpt":{"rendered":"","protected":false},"author":2,"featured_media":0,"parent":0,"menu_order":0,"comment_status":"closed","ping_status":"closed","template":"","meta":{"footnotes":""},"class_list":["post-21","page","type-page","status-publish","czr-hentry"],"yoast_head":"<!-- This site is optimized with the Yoast SEO plugin v25.6 - https:\/\/yoast.com\/wordpress\/plugins\/seo\/ -->\n<title>Les Chevaux du sud - Actualit\u00e9s<\/title>\n<meta name=\"description\" content=\"Les Chevaux du Sud - actualit\u00e9s - Retrouvez nos actualit\u00e9s Les Chevaux du Sud, \u00e9levage de chevaux \u00e0 Noves.\" \/>\n<meta name=\"robots\" content=\"index, follow, max-snippet:-1, max-image-preview:large, max-video-preview:-1\" \/>\n<link rel=\"canonical\" href=\"https:\/\/leschevauxdusud.fr\/de\/les-chevaux-du-sud-actualites\/\" \/>\n<meta property=\"og:locale\" content=\"de_DE\" \/>\n<meta property=\"og:type\" content=\"article\" \/>\n<meta property=\"og:title\" content=\"Les Chevaux du sud - Actualit\u00e9s\" \/>\n<meta property=\"og:description\" content=\"Les Chevaux du Sud - actualit\u00e9s - Retrouvez nos actualit\u00e9s Les Chevaux du Sud, \u00e9levage de chevaux \u00e0 Noves.\" \/>\n<meta property=\"og:url\" content=\"https:\/\/leschevauxdusud.fr\/de\/les-chevaux-du-sud-actualites\/\" \/>\n<meta property=\"og:site_name\" content=\"Les Chevaux du sud\" \/>\n<meta property=\"article:publisher\" content=\"https:\/\/www.facebook.com\/people\/Les-Chevaux-du-Sud\/100076322187098\/\" \/>\n<meta property=\"article:modified_time\" content=\"2023-03-29T10:04:50+00:00\" \/>\n<meta property=\"og:image\" content=\"https:\/\/leschevauxdusud.fr\/wp-content\/uploads\/2023\/03\/Image-Accueil-La-Manade-Colombet.jpg\" \/>\n\t<meta property=\"og:image:width\" content=\"1920\" \/>\n\t<meta property=\"og:image:height\" content=\"1080\" \/>\n\t<meta property=\"og:image:type\" content=\"image\/jpeg\" \/>\n<meta name=\"twitter:card\" content=\"summary_large_image\" \/>\n<script type=\"application\/ld+json\" class=\"yoast-schema-graph\">{\"@context\":\"https:\/\/schema.org\",\"@graph\":[{\"@type\":[\"WebPage\",\"SearchResultsPage\"],\"@id\":\"https:\/\/leschevauxdusud.fr\/les-chevaux-du-sud-actualites\",\"url\":\"https:\/\/leschevauxdusud.fr\/les-chevaux-du-sud-actualites\",\"name\":\"Les Chevaux du sud - Actualit\u00e9s\",\"isPartOf\":{\"@id\":\"http:\/\/leschevauxdusud.fr\/#website\"},\"datePublished\":\"2023-03-27T14:10:23+00:00\",\"dateModified\":\"2023-03-29T10:04:50+00:00\",\"description\":\"Les Chevaux du Sud - actualit\u00e9s - Retrouvez nos actualit\u00e9s Les Chevaux du Sud, \u00e9levage de chevaux \u00e0 Noves.\",\"breadcrumb\":{\"@id\":\"https:\/\/leschevauxdusud.fr\/les-chevaux-du-sud-actualites#breadcrumb\"},\"inLanguage\":\"de\",\"potentialAction\":[{\"@type\":\"ReadAction\",\"target\":[\"https:\/\/leschevauxdusud.fr\/les-chevaux-du-sud-actualites\"]}]},{\"@type\":\"BreadcrumbList\",\"@id\":\"https:\/\/leschevauxdusud.fr\/les-chevaux-du-sud-actualites#breadcrumb\",\"itemListElement\":[{\"@type\":\"ListItem\",\"position\":1,\"name\":\"Accueil\",\"item\":\"http:\/\/leschevauxdusud.fr\/\"},{\"@type\":\"ListItem\",\"position\":2,\"name\":\"Actualit\u00e9s\"}]},{\"@type\":\"WebSite\",\"@id\":\"http:\/\/leschevauxdusud.fr\/#website\",\"url\":\"http:\/\/leschevauxdusud.fr\/\",\"name\":\"Les Chevaux du Sud\",\"description\":\"\",\"publisher\":{\"@id\":\"http:\/\/leschevauxdusud.fr\/#organization\"},\"potentialAction\":[{\"@type\":\"SearchAction\",\"target\":{\"@type\":\"EntryPoint\",\"urlTemplate\":\"http:\/\/leschevauxdusud.fr\/?s={search_term_string}\"},\"query-input\":{\"@type\":\"PropertyValueSpecification\",\"valueRequired\":true,\"valueName\":\"search_term_string\"}}],\"inLanguage\":\"de\"},{\"@type\":\"Organization\",\"@id\":\"http:\/\/leschevauxdusud.fr\/#organization\",\"name\":\"Les Chevaux du Sud\",\"alternateName\":\"Les Chevaux du Sud\",\"url\":\"http:\/\/leschevauxdusud.fr\/\",\"logo\":{\"@type\":\"ImageObject\",\"inLanguage\":\"de\",\"@id\":\"http:\/\/leschevauxdusud.fr\/#\/schema\/logo\/image\/\",\"url\":\"https:\/\/leschevauxdusud.fr\/wp-content\/uploads\/2023\/03\/Logo-La-Manade-Colombet.png\",\"contentUrl\":\"https:\/\/leschevauxdusud.fr\/wp-content\/uploads\/2023\/03\/Logo-La-Manade-Colombet.png\",\"width\":753,\"height\":754,\"caption\":\"Les Chevaux du Sud\"},\"image\":{\"@id\":\"http:\/\/leschevauxdusud.fr\/#\/schema\/logo\/image\/\"},\"sameAs\":[\"https:\/\/www.facebook.com\/people\/Les-Chevaux-du-Sud\/100076322187098\/\"]}]}<\/script>\n<!-- \/ Yoast SEO plugin. -->","yoast_head_json":{"title":"Les Chevaux du sud - Nachrichten","description":"Les Chevaux du Sud - Nachrichten - Hier finden Sie unsere Nachrichten Les Chevaux du Sud, Pferdezucht in Noves.","robots":{"index":"index","follow":"follow","max-snippet":"max-snippet:-1","max-image-preview":"max-image-preview:large","max-video-preview":"max-video-preview:-1"},"canonical":"https:\/\/leschevauxdusud.fr\/de\/les-chevaux-du-sud-actualites\/","og_locale":"de_DE","og_type":"article","og_title":"Les Chevaux du sud - Actualit\u00e9s","og_description":"Les Chevaux du Sud - actualit\u00e9s - Retrouvez nos actualit\u00e9s Les Chevaux du Sud, \u00e9levage de chevaux \u00e0 Noves.","og_url":"https:\/\/leschevauxdusud.fr\/de\/les-chevaux-du-sud-actualites\/","og_site_name":"Les Chevaux du sud","article_publisher":"https:\/\/www.facebook.com\/people\/Les-Chevaux-du-Sud\/100076322187098\/","article_modified_time":"2023-03-29T10:04:50+00:00","og_image":[{"width":1920,"height":1080,"url":"https:\/\/leschevauxdusud.fr\/wp-content\/uploads\/2023\/03\/Image-Accueil-La-Manade-Colombet.jpg","type":"image\/jpeg"}],"twitter_card":"summary_large_image","schema":{"@context":"https:\/\/schema.org","@graph":[{"@type":["WebPage","SearchResultsPage"],"@id":"https:\/\/leschevauxdusud.fr\/les-chevaux-du-sud-actualites","url":"https:\/\/leschevauxdusud.fr\/les-chevaux-du-sud-actualites","name":"Les Chevaux du sud - Nachrichten","isPartOf":{"@id":"http:\/\/leschevauxdusud.fr\/#website"},"datePublished":"2023-03-27T14:10:23+00:00","dateModified":"2023-03-29T10:04:50+00:00","description":"Les Chevaux du Sud - Nachrichten - Hier finden Sie unsere Nachrichten Les Chevaux du Sud, Pferdezucht in Noves.","breadcrumb":{"@id":"https:\/\/leschevauxdusud.fr\/les-chevaux-du-sud-actualites#breadcrumb"},"inLanguage":"de","potentialAction":[{"@type":"ReadAction","target":["https:\/\/leschevauxdusud.fr\/les-chevaux-du-sud-actualites"]}]},{"@type":"BreadcrumbList","@id":"https:\/\/leschevauxdusud.fr\/les-chevaux-du-sud-actualites#breadcrumb","itemListElement":[{"@type":"ListItem","position":1,"name":"Accueil","item":"http:\/\/leschevauxdusud.fr\/"},{"@type":"ListItem","position":2,"name":"Actualit\u00e9s"}]},{"@type":"WebSite","@id":"http:\/\/leschevauxdusud.fr\/#website","url":"http:\/\/leschevauxdusud.fr\/","name":"Die Pferde des S\u00fcdens","description":"","publisher":{"@id":"http:\/\/leschevauxdusud.fr\/#organization"},"potentialAction":[{"@type":"SearchAction","target":{"@type":"EntryPoint","urlTemplate":"http:\/\/leschevauxdusud.fr\/?s={search_term_string}"},"query-input":{"@type":"PropertyValueSpecification","valueRequired":true,"valueName":"search_term_string"}}],"inLanguage":"de"},{"@type":"Organization","@id":"http:\/\/leschevauxdusud.fr\/#organization","name":"Die Pferde des S\u00fcdens","alternateName":"Les Chevaux du Sud","url":"http:\/\/leschevauxdusud.fr\/","logo":{"@type":"ImageObject","inLanguage":"de","@id":"http:\/\/leschevauxdusud.fr\/#\/schema\/logo\/image\/","url":"https:\/\/leschevauxdusud.fr\/wp-content\/uploads\/2023\/03\/Logo-La-Manade-Colombet.png","contentUrl":"https:\/\/leschevauxdusud.fr\/wp-content\/uploads\/2023\/03\/Logo-La-Manade-Colombet.png","width":753,"height":754,"caption":"Les Chevaux du Sud"},"image":{"@id":"http:\/\/leschevauxdusud.fr\/#\/schema\/logo\/image\/"},"sameAs":["https:\/\/www.facebook.com\/people\/Les-Chevaux-du-Sud\/100076322187098\/"]}]}},"_links":{"self":[{"href":"https:\/\/leschevauxdusud.fr\/de\/wp-json\/wp\/v2\/pages\/21"}],"collection":[{"href":"https:\/\/leschevauxdusud.fr\/de\/wp-json\/wp\/v2\/pages"}],"about":[{"href":"https:\/\/leschevauxdusud.fr\/de\/wp-json\/wp\/v2\/types\/page"}],"author":[{"embeddable":true,"href":"https:\/\/leschevauxdusud.fr\/de\/wp-json\/wp\/v2\/users\/2"}],"replies":[{"embeddable":true,"href":"https:\/\/leschevauxdusud.fr\/de\/wp-json\/wp\/v2\/comments?post=21"}],"version-history":[{"count":1,"href":"https:\/\/leschevauxdusud.fr\/de\/wp-json\/wp\/v2\/pages\/21\/revisions"}],"predecessor-version":[{"id":22,"href":"https:\/\/leschevauxdusud.fr\/de\/wp-json\/wp\/v2\/pages\/21\/revisions\/22"}],"wp:attachment":[{"href":"https:\/\/leschevauxdusud.fr\/de\/wp-json\/wp\/v2\/media?parent=21"}],"curies":[{"name":"wp","href":"https:\/\/api.w.org\/{rel}","templated":true}]}}